{"id":1107,"date":"2016-12-26T15:53:48","date_gmt":"2016-12-26T14:53:48","guid":{"rendered":"https:\/\/www.cryobugs.ch\/accueil\/"},"modified":"2025-10-06T22:21:57","modified_gmt":"2025-10-06T20:21:57","slug":"accueil","status":"publish","type":"page","link":"https:\/\/www.cryobugs.ch\/de\/","title":{"rendered":"HOMEPAGE"},"content":{"rendered":"<div class=\"wpb-content-wrapper\"><p>[vc_row css_animation=&#8220;&#8220; row_type=&#8220;row&#8220; use_row_as_full_screen_section=&#8220;no&#8220; type=&#8220;grid&#8220; angled_section=&#8220;no&#8220; text_align=&#8220;left&#8220; background_image_as_pattern=&#8220;without_pattern&#8220; background_color=&#8220;#ffffff&#8220; padding_top=&#8220;50&#8243; padding_bottom=&#8220;54&#8243; css=&#8220;.vc_custom_1682166071247{background-color: #ffffff !important;}&#8220; z_index=&#8220;&#8220;][vc_column el_class=&#8220;for-mobile&#8220;][vc_column_text el_class=&#8220;Titre-home&#8220;]<\/p>\n<h1>Desinfektion von Insekten, Wanzen Einfrieren, Schweiz<\/h1>\n<p>[\/vc_column_text][vc_column_text]<\/p>\n<p style=\"text-align: center;\"><strong>Willkommen bei Cryobugs, Ihrer Firma f\u00fcr die Beseitigung von Bettwanzen.<\/strong><\/p>\n<p>&nbsp;<\/p>\n<div class=\"text2cols\">\n<p style=\"text-align: justify;\">Unser Sitz ist in Lausanne und wir sind in der ganzen Schweiz t\u00e4tig, um bei der Beseitigung von Bettwanzen in H\u00e4usern, Wohnungen, Hotels, Schlafs\u00e4len, Gesundheitseinrichtungen und Unternehmen zu helfen.<\/p>\n<p>&nbsp;<\/p>\n<p style=\"text-align: justify;\">Wir bei Cryobugs glauben, dass die Sicherheit und Gesundheit unserer Kunden an erster Stelle steht. Deshalb verwenden wir ungiftige und chemiefreie Desinfektionsmethoden, einschliesslich Trockendampf und Kryogenisierung, um Bettwanzen zu entfernen, ohne die Gesundheit von Menschen und Haustieren zu gef\u00e4hrden.<\/p>\n<p>&nbsp;<\/p>\n<p style=\"text-align: justify;\">Wir sind stolz auf unsere umweltfreundliche Herangehensweise und unser Engagement f\u00fcr die Bereitstellung nachhaltiger und effektiver Desinfektionsl\u00f6sungen.<\/p>\n<p>&nbsp;<\/p>\n<p style=\"text-align: justify;\">Wir verstehen, dass ein Bettwanzenbefall f\u00fcr unsere Kunden stressig und unangenehm sein kann. Deshalb bieten wir einen pers\u00f6nlichen Service an, der auf Ihre speziellen Bed\u00fcrfnisse zugeschnitten ist.<\/p>\n<p>&nbsp;<\/p>\n<p style=\"text-align: justify;\">Wir arbeiten eng mit unseren Kunden zusammen, um klare und transparente Kostenvoranschl\u00e4ge, fachm\u00e4nnischen Rat und jederzeitige Unterst\u00fctzung zu bieten.<\/p>\n<p>&nbsp;<\/p>\n<p style=\"text-align: justify;\">Wir wissen auch, dass Kunden m\u00f6glicherweise Bedenken hinsichtlich des Transports ihrer pers\u00f6nlichen Gegenst\u00e4nde bei der Desinfektion haben. Daher haben wir die M\u00f6glichkeit, Fahrzeuge zu g\u00fcnstigen Preisen zur Verf\u00fcgung zu stellen, um den Kunden beim sicheren Transport ihrer Sachen zu helfen.<\/p>\n<p>&nbsp;<\/p>\n<p style=\"text-align: justify;\">Wir bei Cryobugs arbeiten mit Leidenschaft an der Bereitstellung von hochwertigen Desinfektionsl\u00f6sungen f\u00fcr unsere Kunden. Wir stehen zu unserer Verpflichtung, einen professionellen und effizienten Service zu bieten, und sind entschlossen, unseren Kunden dabei zu helfen, wieder ein gesundes und komfortables Lebensumfeld zu schaffen.<\/p>\n<p>&nbsp;<\/p>\n<p style=\"text-align: justify;\">Kontaktieren Sie uns noch heute, um mehr \u00fcber unsere Dienstleistungen zur Bek\u00e4mpfung von Bettwanzen in der ganzen Schweiz zu erfahren.<\/p>\n<\/div>\n<p>&nbsp;<\/p>\n<p style=\"text-align: center;\">__________<\/p>\n<p>&nbsp;<\/p>\n<p style=\"text-align: center;\"><strong>Cryobugs verwendet KEINE Chemikalien<\/strong><\/p>\n<p>[\/vc_column_text][\/vc_column][\/vc_row][vc_row css_animation=&#8220;&#8220; row_type=&#8220;row&#8220; use_row_as_full_screen_section=&#8220;no&#8220; type=&#8220;full_width&#8220; angled_section=&#8220;no&#8220; text_align=&#8220;center&#8220; background_image_as_pattern=&#8220;without_pattern&#8220; padding_top=&#8220;10&#8243; padding_bottom=&#8220;10&#8243; css=&#8220;.vc_custom_1554827445912{padding-top: 60px !important;padding-bottom: 60px !important;background-color: #7f7c8a !important;}&#8220; z_index=&#8220;&#8220;][vc_column][vc_row_inner row_type=&#8220;row&#8220; type=&#8220;grid&#8220; text_align=&#8220;center&#8220; css_animation=&#8220;&#8220;][vc_column_inner]\n<div class='latest_post_holder boxes four_columns one_row' >\n    <ul>\n    \n        <li class=\"clearfix\">\n            <div class=\"boxes_image\">\n                                <a itemprop=\"url\" href=\"https:\/\/www.cryobugs.ch\/de\/desinfektion-zimmerwohnung-genf-waadt-schweiz\/\"><img loading=\"lazy\" decoding=\"async\" width=\"539\" height=\"303\" src=\"https:\/\/www.cryobugs.ch\/wp-content\/uploads\/2019\/04\/degraissage-vapeur-seche-lausanne-539x303.jpg\" class=\"attachment-latest_post_boxes size-latest_post_boxes wp-post-image\" alt=\"\" \/><\/a>\n            <\/div>\n            <div class=\"latest_post\"   style=' padding-left:0; padding-right:0; '>\n                <div class=\"latest_post_text\">\n                    <div class=\"latest_post_inner\">\n                        <div class=\"latest_post_text_inner\">\n                            <h4 itemprop=\"name\" class=\"latest_post_title entry_title\"><a itemprop=\"url\" href=\"https:\/\/www.cryobugs.ch\/de\/desinfektion-zimmerwohnung-genf-waadt-schweiz\/\">DESINFEKTION WOHNUNG<\/a><\/h4>\n                            \n                            <span class=\"post_infos\">\n                                                                                                \n                                \n                                                            <\/span>\n                        <\/div>\n                    <\/div>\n                <\/div>\n            <\/div>\n        <\/li>\n    \n        <li class=\"clearfix\">\n            <div class=\"boxes_image\">\n                                <a itemprop=\"url\" href=\"https:\/\/www.cryobugs.ch\/de\/desinfektion-kueche-genf-waadt-schweiz\/\"><img loading=\"lazy\" decoding=\"async\" width=\"539\" height=\"303\" src=\"https:\/\/www.cryobugs.ch\/wp-content\/uploads\/2019\/04\/nettoyage-cuisine-metallique-lausanne-vaud-geneve-539x303.jpg\" class=\"attachment-latest_post_boxes size-latest_post_boxes wp-post-image\" alt=\"\" \/><\/a>\n            <\/div>\n            <div class=\"latest_post\"   style=' padding-left:0; padding-right:0; '>\n                <div class=\"latest_post_text\">\n                    <div class=\"latest_post_inner\">\n                        <div class=\"latest_post_text_inner\">\n                            <h4 itemprop=\"name\" class=\"latest_post_title entry_title\"><a itemprop=\"url\" href=\"https:\/\/www.cryobugs.ch\/de\/desinfektion-kueche-genf-waadt-schweiz\/\">DESINFEKTION K\u00dcCHE<\/a><\/h4>\n                            \n                            <span class=\"post_infos\">\n                                                                                                \n                                \n                                                            <\/span>\n                        <\/div>\n                    <\/div>\n                <\/div>\n            <\/div>\n        <\/li>\n    \n        <li class=\"clearfix\">\n            <div class=\"boxes_image\">\n                                <a itemprop=\"url\" href=\"https:\/\/www.cryobugs.ch\/de\/desinfektion-insekten-laborraum-in-der-schweiz\/\"><img loading=\"lazy\" decoding=\"async\" width=\"539\" height=\"303\" src=\"https:\/\/www.cryobugs.ch\/wp-content\/uploads\/2019\/04\/desinfection-et-nettoyage-vapeur-congelation-vaud-geneve--539x303.jpg\" class=\"attachment-latest_post_boxes size-latest_post_boxes wp-post-image\" alt=\"\" \/><\/a>\n            <\/div>\n            <div class=\"latest_post\"   style=' padding-left:0; padding-right:0; '>\n                <div class=\"latest_post_text\">\n                    <div class=\"latest_post_inner\">\n                        <div class=\"latest_post_text_inner\">\n                            <h4 itemprop=\"name\" class=\"latest_post_title entry_title\"><a itemprop=\"url\" href=\"https:\/\/www.cryobugs.ch\/de\/desinfektion-insekten-laborraum-in-der-schweiz\/\">DESINFEKTION RAUM &#038; LABOR<\/a><\/h4>\n                            \n                            <span class=\"post_infos\">\n                                                                                                \n                                \n                                                            <\/span>\n                        <\/div>\n                    <\/div>\n                <\/div>\n            <\/div>\n        <\/li>\n    \n        <li class=\"clearfix\">\n            <div class=\"boxes_image\">\n                                <a itemprop=\"url\" href=\"https:\/\/www.cryobugs.ch\/de\/desinfektion-moebel-sofa-bett-genf-waadt-ch\/\"><img loading=\"lazy\" decoding=\"async\" width=\"539\" height=\"303\" src=\"https:\/\/www.cryobugs.ch\/wp-content\/uploads\/2019\/04\/desinfection-par-congelation-mobilier-vaud_50-539x303.jpg\" class=\"attachment-latest_post_boxes size-latest_post_boxes wp-post-image\" alt=\"\" srcset=\"https:\/\/www.cryobugs.ch\/wp-content\/uploads\/2019\/04\/desinfection-par-congelation-mobilier-vaud_50-539x303.jpg 539w, https:\/\/www.cryobugs.ch\/wp-content\/uploads\/2019\/04\/desinfection-par-congelation-mobilier-vaud_50-300x169.jpg 300w, https:\/\/www.cryobugs.ch\/wp-content\/uploads\/2019\/04\/desinfection-par-congelation-mobilier-vaud_50.jpg 576w\" sizes=\"auto, (max-width: 539px) 100vw, 539px\" \/><\/a>\n            <\/div>\n            <div class=\"latest_post\"   style=' padding-left:0; padding-right:0; '>\n                <div class=\"latest_post_text\">\n                    <div class=\"latest_post_inner\">\n                        <div class=\"latest_post_text_inner\">\n                            <h4 itemprop=\"name\" class=\"latest_post_title entry_title\"><a itemprop=\"url\" href=\"https:\/\/www.cryobugs.ch\/de\/desinfektion-moebel-sofa-bett-genf-waadt-ch\/\">DESINFEKTION VON M\u00d6BELN<\/a><\/h4>\n                            \n                            <span class=\"post_infos\">\n                                                                                                \n                                \n                                                            <\/span>\n                        <\/div>\n                    <\/div>\n                <\/div>\n            <\/div>\n        <\/li>\n        <\/ul>\n<\/div>\n<div class='latest_post_holder boxes four_columns one_row' >\n    <ul>\n    \n        <li class=\"clearfix\">\n            <div class=\"boxes_image\">\n                                <a itemprop=\"url\" href=\"https:\/\/www.cryobugs.ch\/de\/desinfektion-zimmerwohnung-genf-waadt-schweiz\/\"><img loading=\"lazy\" decoding=\"async\" width=\"539\" height=\"303\" src=\"https:\/\/www.cryobugs.ch\/wp-content\/uploads\/2019\/04\/degraissage-vapeur-seche-lausanne-539x303.jpg\" class=\"attachment-latest_post_boxes size-latest_post_boxes wp-post-image\" alt=\"\" \/><\/a>\n            <\/div>\n            <div class=\"latest_post\"   style=' padding-left:0; padding-right:0; '>\n                <div class=\"latest_post_text\">\n                    <div class=\"latest_post_inner\">\n                        <div class=\"latest_post_text_inner\">\n                            <h4 itemprop=\"name\" class=\"latest_post_title entry_title\"><a itemprop=\"url\" href=\"https:\/\/www.cryobugs.ch\/de\/desinfektion-zimmerwohnung-genf-waadt-schweiz\/\">DESINFEKTION WOHNUNG<\/a><\/h4>\n                            \n                            <span class=\"post_infos\">\n                                                                                                \n                                \n                                                            <\/span>\n                        <\/div>\n                    <\/div>\n                <\/div>\n            <\/div>\n        <\/li>\n    \n        <li class=\"clearfix\">\n            <div class=\"boxes_image\">\n                                <a itemprop=\"url\" href=\"https:\/\/www.cryobugs.ch\/de\/desinfektion-kueche-genf-waadt-schweiz\/\"><img loading=\"lazy\" decoding=\"async\" width=\"539\" height=\"303\" src=\"https:\/\/www.cryobugs.ch\/wp-content\/uploads\/2019\/04\/nettoyage-cuisine-metallique-lausanne-vaud-geneve-539x303.jpg\" class=\"attachment-latest_post_boxes size-latest_post_boxes wp-post-image\" alt=\"\" \/><\/a>\n            <\/div>\n            <div class=\"latest_post\"   style=' padding-left:0; padding-right:0; '>\n                <div class=\"latest_post_text\">\n                    <div class=\"latest_post_inner\">\n                        <div class=\"latest_post_text_inner\">\n                            <h4 itemprop=\"name\" class=\"latest_post_title entry_title\"><a itemprop=\"url\" href=\"https:\/\/www.cryobugs.ch\/de\/desinfektion-kueche-genf-waadt-schweiz\/\">DESINFEKTION K\u00dcCHE<\/a><\/h4>\n                            \n                            <span class=\"post_infos\">\n                                                                                                \n                                \n                                                            <\/span>\n                        <\/div>\n                    <\/div>\n                <\/div>\n            <\/div>\n        <\/li>\n    \n        <li class=\"clearfix\">\n            <div class=\"boxes_image\">\n                                <a itemprop=\"url\" href=\"https:\/\/www.cryobugs.ch\/de\/desinfektion-insekten-laborraum-in-der-schweiz\/\"><img loading=\"lazy\" decoding=\"async\" width=\"539\" height=\"303\" src=\"https:\/\/www.cryobugs.ch\/wp-content\/uploads\/2019\/04\/desinfection-et-nettoyage-vapeur-congelation-vaud-geneve--539x303.jpg\" class=\"attachment-latest_post_boxes size-latest_post_boxes wp-post-image\" alt=\"\" \/><\/a>\n            <\/div>\n            <div class=\"latest_post\"   style=' padding-left:0; padding-right:0; '>\n                <div class=\"latest_post_text\">\n                    <div class=\"latest_post_inner\">\n                        <div class=\"latest_post_text_inner\">\n                            <h4 itemprop=\"name\" class=\"latest_post_title entry_title\"><a itemprop=\"url\" href=\"https:\/\/www.cryobugs.ch\/de\/desinfektion-insekten-laborraum-in-der-schweiz\/\">DESINFEKTION RAUM &#038; LABOR<\/a><\/h4>\n                            \n                            <span class=\"post_infos\">\n                                                                                                \n                                \n                                                            <\/span>\n                        <\/div>\n                    <\/div>\n                <\/div>\n            <\/div>\n        <\/li>\n    \n        <li class=\"clearfix\">\n            <div class=\"boxes_image\">\n                                <a itemprop=\"url\" href=\"https:\/\/www.cryobugs.ch\/de\/desinfektion-moebel-sofa-bett-genf-waadt-ch\/\"><img loading=\"lazy\" decoding=\"async\" width=\"539\" height=\"303\" src=\"https:\/\/www.cryobugs.ch\/wp-content\/uploads\/2019\/04\/desinfection-par-congelation-mobilier-vaud_50-539x303.jpg\" class=\"attachment-latest_post_boxes size-latest_post_boxes wp-post-image\" alt=\"\" srcset=\"https:\/\/www.cryobugs.ch\/wp-content\/uploads\/2019\/04\/desinfection-par-congelation-mobilier-vaud_50-539x303.jpg 539w, https:\/\/www.cryobugs.ch\/wp-content\/uploads\/2019\/04\/desinfection-par-congelation-mobilier-vaud_50-300x169.jpg 300w, https:\/\/www.cryobugs.ch\/wp-content\/uploads\/2019\/04\/desinfection-par-congelation-mobilier-vaud_50.jpg 576w\" sizes=\"auto, (max-width: 539px) 100vw, 539px\" \/><\/a>\n            <\/div>\n            <div class=\"latest_post\"   style=' padding-left:0; padding-right:0; '>\n                <div class=\"latest_post_text\">\n                    <div class=\"latest_post_inner\">\n                        <div class=\"latest_post_text_inner\">\n                            <h4 itemprop=\"name\" class=\"latest_post_title entry_title\"><a itemprop=\"url\" href=\"https:\/\/www.cryobugs.ch\/de\/desinfektion-moebel-sofa-bett-genf-waadt-ch\/\">DESINFEKTION VON M\u00d6BELN<\/a><\/h4>\n                            \n                            <span class=\"post_infos\">\n                                                                                                \n                                \n                                                            <\/span>\n                        <\/div>\n                    <\/div>\n                <\/div>\n            <\/div>\n        <\/li>\n        <\/ul>\n<\/div>[vc_empty_space el_class=&#8220;espace-vide&#8220;]\n<div class='latest_post_holder boxes three_columns one_row' >\n    <ul>\n    \n        <li class=\"clearfix\">\n            <div class=\"boxes_image\">\n                                <a itemprop=\"url\" href=\"https:\/\/www.cryobugs.ch\/de\/desinfektion-insekten-milben-gewohnheiten-genf-waadt\/\"><img loading=\"lazy\" decoding=\"async\" width=\"539\" height=\"303\" src=\"https:\/\/www.cryobugs.ch\/wp-content\/uploads\/2023\/04\/1_desinfection-bagages-habits-insectes-mites-voyage-suisse-geneve-vaud-valais-suisse-539x303.jpg\" class=\"attachment-latest_post_boxes size-latest_post_boxes wp-post-image\" alt=\"\" \/><\/a>\n            <\/div>\n            <div class=\"latest_post\"   style=' padding-left:0; padding-right:0; '>\n                <div class=\"latest_post_text\">\n                    <div class=\"latest_post_inner\">\n                        <div class=\"latest_post_text_inner\">\n                            <h4 itemprop=\"name\" class=\"latest_post_title entry_title\"><a itemprop=\"url\" href=\"https:\/\/www.cryobugs.ch\/de\/desinfektion-insekten-milben-gewohnheiten-genf-waadt\/\">DESINFEKTION VON GEP\u00c4CKST\u00dcCKEN<\/a><\/h4>\n                            \n                            <span class=\"post_infos\">\n                                                                                                \n                                \n                                                            <\/span>\n                        <\/div>\n                    <\/div>\n                <\/div>\n            <\/div>\n        <\/li>\n    \n        <li class=\"clearfix\">\n            <div class=\"boxes_image\">\n                                <a itemprop=\"url\" href=\"https:\/\/www.cryobugs.ch\/de\/entfetten-reinigen-dampf-trocknen-genf-waadt\/\"><img loading=\"lazy\" decoding=\"async\" width=\"539\" height=\"303\" src=\"https:\/\/www.cryobugs.ch\/wp-content\/uploads\/2019\/04\/desinfection-et-nettoyage-lausanne-539x303.jpg\" class=\"attachment-latest_post_boxes size-latest_post_boxes wp-post-image\" alt=\"\" \/><\/a>\n            <\/div>\n            <div class=\"latest_post\"   style=' padding-left:0; padding-right:0; '>\n                <div class=\"latest_post_text\">\n                    <div class=\"latest_post_inner\">\n                        <div class=\"latest_post_text_inner\">\n                            <h4 itemprop=\"name\" class=\"latest_post_title entry_title\"><a itemprop=\"url\" href=\"https:\/\/www.cryobugs.ch\/de\/entfetten-reinigen-dampf-trocknen-genf-waadt\/\">REINIGUNG \u2013 TROCKENDAMPFENTFETTUNG<\/a><\/h4>\n                            \n                            <span class=\"post_infos\">\n                                                                                                \n                                \n                                                            <\/span>\n                        <\/div>\n                    <\/div>\n                <\/div>\n            <\/div>\n        <\/li>\n    \n        <li class=\"clearfix\">\n            <div class=\"boxes_image\">\n                                <a itemprop=\"url\" href=\"https:\/\/www.cryobugs.ch\/de\/desinfektion-von-motten-wanzen-durch-einfrieren-waadt\/\"><img loading=\"lazy\" decoding=\"async\" width=\"539\" height=\"303\" src=\"https:\/\/www.cryobugs.ch\/wp-content\/uploads\/2023\/04\/4-desinfection-punaise-de-lit-en-suisse-539x303.jpg\" class=\"attachment-latest_post_boxes size-latest_post_boxes wp-post-image\" alt=\"\" \/><\/a>\n            <\/div>\n            <div class=\"latest_post\"   style=' padding-left:0; padding-right:0; '>\n                <div class=\"latest_post_text\">\n                    <div class=\"latest_post_inner\">\n                        <div class=\"latest_post_text_inner\">\n                            <h4 itemprop=\"name\" class=\"latest_post_title entry_title\"><a itemprop=\"url\" href=\"https:\/\/www.cryobugs.ch\/de\/desinfektion-von-motten-wanzen-durch-einfrieren-waadt\/\">GEFRIEREN UND KRYONIK F\u00dcR M\u00d6BEL UND KLEIDUNG<\/a><\/h4>\n                            \n                            <span class=\"post_infos\">\n                                                                                                \n                                \n                                                            <\/span>\n                        <\/div>\n                    <\/div>\n                <\/div>\n            <\/div>\n        <\/li>\n        <\/ul>\n<\/div>[\/vc_column_inner][\/vc_row_inner][\/vc_column][\/vc_row]<\/p>\n<\/div>","protected":false},"excerpt":{"rendered":"<p>[vc_row css_animation=&#8220;&#8220; row_type=&#8220;row&#8220; use_row_as_full_screen_section=&#8220;no&#8220; type=&#8220;grid&#8220; angled_section=&#8220;no&#8220; text_align=&#8220;left&#8220; background_image_as_pattern=&#8220;without_pattern&#8220; background_color=&#8220;#ffffff&#8220; padding_top=&#8220;50&#8243; padding_bottom=&#8220;54&#8243; css=&#8220;.vc_custom_1682166071247{background-color: #ffffff !important;}&#8220; z_index=&#8220;&#8220;][vc_column el_class=&#8220;for-mobile&#8220;][vc_column_text el_class=&#8220;Titre-home&#8220;] Desinfektion von Insekten, Wanzen Einfrieren, Schweiz [\/vc_column_text][vc_column_text] Willkommen bei Cryobugs, Ihrer Firma f\u00fcr die Beseitigung von Bettwanzen. &nbsp; Unser Sitz ist in Lausanne und wir sind in der&#8230;<\/p>\n","protected":false},"author":1,"featured_media":0,"parent":0,"menu_order":0,"comment_status":"closed","ping_status":"closed","template":"full_width.php","meta":{"footnotes":""},"class_list":["post-1107","page","type-page","status-publish","hentry"],"_links":{"self":[{"href":"https:\/\/www.cryobugs.ch\/de\/wp-json\/wp\/v2\/pages\/1107","targetHints":{"allow":["GET"]}}],"collection":[{"href":"https:\/\/www.cryobugs.ch\/de\/wp-json\/wp\/v2\/pages"}],"about":[{"href":"https:\/\/www.cryobugs.ch\/de\/wp-json\/wp\/v2\/types\/page"}],"author":[{"embeddable":true,"href":"https:\/\/www.cryobugs.ch\/de\/wp-json\/wp\/v2\/users\/1"}],"replies":[{"embeddable":true,"href":"https:\/\/www.cryobugs.ch\/de\/wp-json\/wp\/v2\/comments?post=1107"}],"version-history":[{"count":3,"href":"https:\/\/www.cryobugs.ch\/de\/wp-json\/wp\/v2\/pages\/1107\/revisions"}],"predecessor-version":[{"id":1154,"href":"https:\/\/www.cryobugs.ch\/de\/wp-json\/wp\/v2\/pages\/1107\/revisions\/1154"}],"wp:attachment":[{"href":"https:\/\/www.cryobugs.ch\/de\/wp-json\/wp\/v2\/media?parent=1107"}],"curies":[{"name":"wp","href":"https:\/\/api.w.org\/{rel}","templated":true}]}}