{"id":1156,"date":"2023-04-05T23:28:21","date_gmt":"2023-04-05T21:28:21","guid":{"rendered":"https:\/\/www.cryobugs.ch\/desinfection-cryogenisation-insectes-mites-suisse\/"},"modified":"2023-04-28T12:04:28","modified_gmt":"2023-04-28T10:04:28","slug":"desinfizieren-kryogenisieren-insekten-motten-schweiz","status":"publish","type":"page","link":"https:\/\/www.cryobugs.ch\/de\/desinfizieren-kryogenisieren-insekten-motten-schweiz\/","title":{"rendered":"Desinfektion durch Einfrieren und Kryogenisierung"},"content":{"rendered":"<div class=\"wpb-content-wrapper\"><p>[vc_row css_animation=&#8220;&#8220; row_type=&#8220;row&#8220; use_row_as_full_screen_section=&#8220;no&#8220; type=&#8220;grid&#8220; angled_section=&#8220;no&#8220; text_align=&#8220;left&#8220; background_image_as_pattern=&#8220;without_pattern&#8220; anchor=&#8220;portfolio&#8220; background_color=&#8220;#f2efea&#8220; padding_top=&#8220;90&#8243; padding_bottom=&#8220;0&#8243;][vc_column][vc_column_text el_class=&#8220;Titre-home&#8220;]<\/p>\n<h1>Desinfektion von Insekten und Kleidermotten durch Einfrieren Kryogenisierung, SCHWEIZ<\/h1>\n<p>[\/vc_column_text][vc_separator type=&#8220;transparent&#8220; up=&#8220;15&#8243; down=&#8220;0&#8243;][vc_column_text]<strong>Desinfektion durch Einfrieren und Kryonik; Kleiderschr\u00e4nke, Schr\u00e4nke, Umkleidekabinen, Umkleidekabinen, Kleider, Hosen, R\u00f6cke, Wollpullover, Baumwoll-T-Shirts, Leinentuniken.<\/strong><\/p>\n<p>&nbsp;<\/p>\n<p>Die Desinfektion gegen Bettwanzen kann sich als echte Herausforderung erweisen, vor allem wenn sich die Parasiten an schwer zug\u00e4nglichen Stellen wie N\u00e4hten von Kleidungsst\u00fccken oder Falten von Matratzen eingenistet haben. Gl\u00fccklicherweise ist die Kryogenisierung eine wirksame Methode, um Bettwanzen in M\u00f6beln und Kleidung zu entfernen.<\/p>\n<p>&nbsp;<\/p>\n<p>Die Kryogenisierung ist ein Verfahren, bei dem extrem niedrige Temperaturen verwendet werden, um die Insekten zu t\u00f6ten. Im Falle von Bettwanzen besteht diese Methode darin, befallene Kleidung und M\u00f6bel einer sehr niedrigen Temperatur auszusetzen. Diese schnelle und intensive Aussetzung an extreme K\u00e4lte t\u00f6tet die Bettwanzen in allen Stadien ihrer Entwicklung, einschliesslich der Eier.<\/p>\n<p>&nbsp;<\/p>\n<p>Die Kryogenisierung ist eine sehr wirksame und schnelle Desinfektionsmethode. Sie hinterl\u00e4sst keine chemischen R\u00fcckst\u00e4nde oder Sch\u00e4den an den behandelten M\u00f6beln oder Kleidungsst\u00fccken. Sie ist ausserdem umweltfreundlich und stellt kein Risiko f\u00fcr die menschliche Gesundheit dar.<\/p>\n<p>&nbsp;<\/p>\n<p>Allerdings muss die Kryogenisierung von qualifizierten Fachleuten mit Spezialausr\u00fcstung durchgef\u00fchrt werden. Das Verfahren kann kostspielig sein, ist aber oft billiger als das Ersetzen der befallenen M\u00f6bel und Kleidung.<\/p>\n<p>&nbsp;<\/p>\n<p>Abschliessend l\u00e4sst sich sagen, dass die Kryogenisierung eine wirksame und umweltfreundliche Desinfektionsmethode zur Beseitigung von Bettwanzen in M\u00f6beln und Kleidung ist.<\/p>\n<p>&nbsp;<\/p>\n<p>Es ist wichtig, dass Sie diese Desinfektionsmethode von qualifizierten Fachleuten durchf\u00fchren lassen.<\/p>\n<p>&nbsp;<\/p>\n<p style=\"text-align: center;\"><strong>Wir arbeiten in den Kantonen Genf, Waadt, Neuenburg, Wallis, Jura, Bern, Freiburg<\/strong><\/p>\n<p>[\/vc_column_text][vc_separator type=&#8220;transparent&#8220; up=&#8220;89&#8243; down=&#8220;0&#8243;][vc_gallery type=&#8220;image_grid&#8220; images=&#8220;605,929,966&#8243; img_size=&#8220;large&#8220; column_number=&#8220;3&#8243; grayscale=&#8220;no&#8220; images_space=&#8220;gallery_without_space&#8220;][vc_separator type=&#8220;transparent&#8220; up=&#8220;89&#8243; down=&#8220;0&#8243;]\n\n\t<a href=\"https:\/\/www.locbus-dem.ch\/\" target=\"_blank\" style=\"color: #000000;background-color: #e6cd35\" class=\"qode-btn qode-btn-medium qode-btn-solid qode-btn-custom-hover-bg qode-btn-custom-hover-color bouton_centre qode-btn-default-hover\" data-hover-bg-color=\"#ffffff\" data-hover-color=\"#000000\" >\n\t    <span class=\"qode-btn-text\">SIE M\u00d6CHTEN UMZIEHEN? ENTDECKEN SIE UNSEREN MIETSERVICE F\u00dcR KLEINTRANSPORTER<\/span>\t<\/a>\n\n[vc_separator type=&#8220;transparent&#8220; up=&#8220;89&#8243; down=&#8220;0&#8243;][\/vc_column][\/vc_row]<\/p>\n<\/div>","protected":false},"excerpt":{"rendered":"<p>[vc_row css_animation=&#8220;&#8220; row_type=&#8220;row&#8220; use_row_as_full_screen_section=&#8220;no&#8220; type=&#8220;grid&#8220; angled_section=&#8220;no&#8220; text_align=&#8220;left&#8220; background_image_as_pattern=&#8220;without_pattern&#8220; anchor=&#8220;portfolio&#8220; background_color=&#8220;#f2efea&#8220; padding_top=&#8220;90&#8243; padding_bottom=&#8220;0&#8243;][vc_column][vc_column_text el_class=&#8220;Titre-home&#8220;] Desinfektion von Insekten und Kleidermotten durch Einfrieren Kryogenisierung, SCHWEIZ [\/vc_column_text][vc_separator type=&#8220;transparent&#8220; up=&#8220;15&#8243; down=&#8220;0&#8243;][vc_column_text]Desinfektion durch Einfrieren und Kryonik; Kleiderschr\u00e4nke, Schr\u00e4nke, Umkleidekabinen, Umkleidekabinen, Kleider, Hosen, R\u00f6cke, Wollpullover, Baumwoll-T-Shirts, Leinentuniken. &nbsp; Die Desinfektion gegen Bettwanzen&#8230;<\/p>\n","protected":false},"author":4,"featured_media":0,"parent":0,"menu_order":0,"comment_status":"closed","ping_status":"closed","template":"full_width.php","meta":{"footnotes":""},"class_list":["post-1156","page","type-page","status-publish","hentry"],"_links":{"self":[{"href":"https:\/\/www.cryobugs.ch\/de\/wp-json\/wp\/v2\/pages\/1156","targetHints":{"allow":["GET"]}}],"collection":[{"href":"https:\/\/www.cryobugs.ch\/de\/wp-json\/wp\/v2\/pages"}],"about":[{"href":"https:\/\/www.cryobugs.ch\/de\/wp-json\/wp\/v2\/types\/page"}],"author":[{"embeddable":true,"href":"https:\/\/www.cryobugs.ch\/de\/wp-json\/wp\/v2\/users\/4"}],"replies":[{"embeddable":true,"href":"https:\/\/www.cryobugs.ch\/de\/wp-json\/wp\/v2\/comments?post=1156"}],"version-history":[{"count":3,"href":"https:\/\/www.cryobugs.ch\/de\/wp-json\/wp\/v2\/pages\/1156\/revisions"}],"predecessor-version":[{"id":1191,"href":"https:\/\/www.cryobugs.ch\/de\/wp-json\/wp\/v2\/pages\/1156\/revisions\/1191"}],"wp:attachment":[{"href":"https:\/\/www.cryobugs.ch\/de\/wp-json\/wp\/v2\/media?parent=1156"}],"curies":[{"name":"wp","href":"https:\/\/api.w.org\/{rel}","templated":true}]}}