{"id":1160,"date":"2023-04-05T23:24:49","date_gmt":"2023-04-05T21:24:49","guid":{"rendered":"https:\/\/www.cryobugs.ch\/desinfection-mobilier-bagages-suisse\/"},"modified":"2023-04-28T12:03:36","modified_gmt":"2023-04-28T10:03:36","slug":"desinfektion-mobiliar-gepaecke-schweiz","status":"publish","type":"page","link":"https:\/\/www.cryobugs.ch\/de\/desinfektion-mobiliar-gepaecke-schweiz\/","title":{"rendered":"Desinfektion von Gep\u00e4ckst\u00fccken"},"content":{"rendered":"<div class=\"wpb-content-wrapper\"><p>[vc_row css_animation=&#8220;&#8220; row_type=&#8220;row&#8220; use_row_as_full_screen_section=&#8220;no&#8220; type=&#8220;grid&#8220; angled_section=&#8220;no&#8220; text_align=&#8220;left&#8220; background_image_as_pattern=&#8220;without_pattern&#8220; anchor=&#8220;portfolio&#8220; background_color=&#8220;#f2efea&#8220; padding_top=&#8220;90&#8243; padding_bottom=&#8220;0&#8243;][vc_column][vc_column_text el_class=&#8220;Titre-home&#8220;]<\/p>\n<h1>Desinfektion von Gep\u00e4ckst\u00fccken, M\u00f6beln, Sofa, Bett, Genf, Waadt, Schweiz<\/h1>\n<p>[\/vc_column_text][vc_separator type=&#8220;transparent&#8220; up=&#8220;15&#8243; down=&#8220;0&#8243;][vc_column_text]<strong>Cryobugs &#8211; Ihre L\u00f6sung zur Desinfektion von Gep\u00e4ckst\u00fccken!<\/strong><\/p>\n<p>&nbsp;<\/p>\n<p>Sie sind gerade von einer Reise zur\u00fcckgekehrt und bef\u00fcrchten, dass Ihre Gep\u00e4ckst\u00fccke von Sch\u00e4dlingen wie Bettwanzen oder anderen Insekten befallen sind? Wir haben die passende L\u00f6sung.<\/p>\n<p>&nbsp;<\/p>\n<p>Wir bieten eine kryogene Desinfektion von Gep\u00e4ckst\u00fccken an, eine umweltfreundliche und ungiftige Methode, um jedes Infektionsrisiko vollst\u00e4ndig zu eliminieren.<\/p>\n<p>&nbsp;<\/p>\n<p>Wir sind ausger\u00fcstet, um schnell und effizient einzugreifen, und bieten zwei Optionen f\u00fcr die Abholung Ihres Gep\u00e4cks: Sie k\u00f6nnen es entweder direkt zu uns in unsere Niederlassung in Lausanne bringen oder wir k\u00f6nnen es bei Ihnen abholen.<\/p>\n<p>&nbsp;<\/p>\n<p>Wir wissen, dass die Sicherheit und der Schutz Ihrer Gegenst\u00e4nde oberste Priorit\u00e4t haben, daher behandeln wir jedes Gep\u00e4ckst\u00fcck mit gr\u00f6sster Sorgfalt. Unser professionelles Team ist darin geschult, mit Gep\u00e4ckst\u00fccken sachgem\u00e4ss umzugehen und sicherzustellen, dass der gesamte Desinfektionsprozess schnell und effizient durchgef\u00fchrt wird.<\/p>\n<p>&nbsp;<\/p>\n<p>Wir bei Cryobugs sind bestrebt, erstklassige Dienstleistungen zu erbringen und die Zufriedenheit unserer Kunden zu gew\u00e4hrleisten.<\/p>\n<p>&nbsp;<\/p>\n<p>Gehen Sie kein Risiko ein, wenn Sie Sch\u00e4dlinge im Gep\u00e4ck haben. Kontaktieren Sie uns jetzt, um Ihren Bedarf an einer Desinfektion Ihres Gep\u00e4cks zu besprechen und einen schnellen und effizienten Einsatz zu organisieren.<\/p>\n<p>&nbsp;<\/p>\n<p>Wir bei Cryobugs sind da, um Ihnen zu helfen, Ungeziefer in Ihrem Gep\u00e4ck loszuwerden, damit Sie eine ruhige und sorgenfreie R\u00fcckkehr von Ihrer Reise geniessen k\u00f6nnen.<\/p>\n<p>&nbsp;<\/p>\n<p style=\"text-align: center;\"><strong>KEINE CHEMIE!<\/strong><\/p>\n<p style=\"text-align: center;\">In den Kantonen Genf, Waadt, Neuenburg, Wallis, Jura, Bern, Freiburg<\/p>\n<p>[\/vc_column_text][vc_separator type=&#8220;transparent&#8220; up=&#8220;89&#8243; down=&#8220;0&#8243;][vc_gallery type=&#8220;image_grid&#8220; images=&#8220;927,925,923,921,919&#8243; img_size=&#8220;full&#8220; column_number=&#8220;3&#8243; grayscale=&#8220;no&#8220; images_space=&#8220;gallery_without_space&#8220;][vc_separator type=&#8220;transparent&#8220; up=&#8220;89&#8243; down=&#8220;0&#8243;]\n\n\t<a href=\"https:\/\/www.locbus-dem.ch\/\" target=\"_blank\" style=\"color: #000000;background-color: #e6cd35\" class=\"qode-btn qode-btn-medium qode-btn-solid qode-btn-custom-hover-bg qode-btn-custom-hover-color bouton_centre qode-btn-default-hover\" data-hover-bg-color=\"#ffffff\" data-hover-color=\"#000000\" >\n\t    <span class=\"qode-btn-text\">SIE M\u00d6CHTEN UMZIEHEN? ENTDECKEN SIE UNSEREN MIETSERVICE F\u00dcR KLEINTRANSPORTER<\/span>\t<\/a>\n\n[vc_separator type=&#8220;transparent&#8220; up=&#8220;89&#8243; down=&#8220;0&#8243;][\/vc_column][\/vc_row]<\/p>\n<\/div>","protected":false},"excerpt":{"rendered":"<p>[vc_row css_animation=&#8220;&#8220; row_type=&#8220;row&#8220; use_row_as_full_screen_section=&#8220;no&#8220; type=&#8220;grid&#8220; angled_section=&#8220;no&#8220; text_align=&#8220;left&#8220; background_image_as_pattern=&#8220;without_pattern&#8220; anchor=&#8220;portfolio&#8220; background_color=&#8220;#f2efea&#8220; padding_top=&#8220;90&#8243; padding_bottom=&#8220;0&#8243;][vc_column][vc_column_text el_class=&#8220;Titre-home&#8220;] Desinfektion von Gep\u00e4ckst\u00fccken, M\u00f6beln, Sofa, Bett, Genf, Waadt, Schweiz [\/vc_column_text][vc_separator type=&#8220;transparent&#8220; up=&#8220;15&#8243; down=&#8220;0&#8243;][vc_column_text]Cryobugs &#8211; Ihre L\u00f6sung zur Desinfektion von Gep\u00e4ckst\u00fccken! &nbsp; Sie sind gerade von einer Reise zur\u00fcckgekehrt und bef\u00fcrchten, dass Ihre&#8230;<\/p>\n","protected":false},"author":4,"featured_media":0,"parent":0,"menu_order":0,"comment_status":"closed","ping_status":"closed","template":"full_width.php","meta":{"footnotes":""},"class_list":["post-1160","page","type-page","status-publish","hentry"],"_links":{"self":[{"href":"https:\/\/www.cryobugs.ch\/de\/wp-json\/wp\/v2\/pages\/1160","targetHints":{"allow":["GET"]}}],"collection":[{"href":"https:\/\/www.cryobugs.ch\/de\/wp-json\/wp\/v2\/pages"}],"about":[{"href":"https:\/\/www.cryobugs.ch\/de\/wp-json\/wp\/v2\/types\/page"}],"author":[{"embeddable":true,"href":"https:\/\/www.cryobugs.ch\/de\/wp-json\/wp\/v2\/users\/4"}],"replies":[{"embeddable":true,"href":"https:\/\/www.cryobugs.ch\/de\/wp-json\/wp\/v2\/comments?post=1160"}],"version-history":[{"count":4,"href":"https:\/\/www.cryobugs.ch\/de\/wp-json\/wp\/v2\/pages\/1160\/revisions"}],"predecessor-version":[{"id":1190,"href":"https:\/\/www.cryobugs.ch\/de\/wp-json\/wp\/v2\/pages\/1160\/revisions\/1190"}],"wp:attachment":[{"href":"https:\/\/www.cryobugs.ch\/de\/wp-json\/wp\/v2\/media?parent=1160"}],"curies":[{"name":"wp","href":"https:\/\/api.w.org\/{rel}","templated":true}]}}