{"id":1165,"date":"2023-04-05T23:16:18","date_gmt":"2023-04-05T21:16:18","guid":{"rendered":"https:\/\/www.cryobugs.ch\/desinfection-par-vapeur-seche-suisse\/"},"modified":"2023-04-28T12:05:21","modified_gmt":"2023-04-28T10:05:21","slug":"desinfizieren-durch-trockendampf-schweiz","status":"publish","type":"page","link":"https:\/\/www.cryobugs.ch\/de\/desinfizieren-durch-trockendampf-schweiz\/","title":{"rendered":"Desinfektion mit Trockendampf"},"content":{"rendered":"<div class=\"wpb-content-wrapper\"><p>[vc_row css_animation=&#8220;&#8220; row_type=&#8220;row&#8220; use_row_as_full_screen_section=&#8220;no&#8220; type=&#8220;grid&#8220; angled_section=&#8220;no&#8220; text_align=&#8220;left&#8220; background_image_as_pattern=&#8220;without_pattern&#8220; anchor=&#8220;portfolio&#8220; background_color=&#8220;#f2efea&#8220; padding_top=&#8220;90&#8243; padding_bottom=&#8220;0&#8243;][vc_column][vc_column_text el_class=&#8220;Titre-home&#8220;]<\/p>\n<h1>Desinfektion Wohnung mit Trockendampf Genf, Waadt, Wallis, Schweiz<\/h1>\n<p>[\/vc_column_text][vc_separator type=&#8220;transparent&#8220; up=&#8220;15&#8243; down=&#8220;0&#8243;][vc_column_text]<\/p>\n<p style=\"text-align: left;\"><strong>Desinfektion und Behandlung mit Trockendampf; W\u00e4nde, Decken, B\u00f6den, Teppiche, Parkettb\u00f6den, Fliesen, Balken, Keller, Abstellraum, Dachboden, Garage.<\/strong><\/p>\n<p>&nbsp;<\/p>\n<p>Die Desinfektion einer mit Bettwanzen befallenen Wohnung ist ein wichtiger Prozess zur Entfernung dieser invasiven und unangenehmen Parasiten. Die Verwendung von Trockendampf ist eine sehr effektive Desinfektionsmethode, um Bettwanzen und ihre Eier zu vernichten, ohne sch\u00e4dliche Chemikalien zu verwenden.<\/p>\n<p>&nbsp;<\/p>\n<p>Trockendampf wird durch Erhitzen von Wasser erzeugt, bis es eine bestimmte Temperatur erreicht und in Dampf umgewandelt wird. Dieser Trockendampf wird dann mit einer speziellen Maschine auf die verseuchten Bereiche gespr\u00fcht, um die Bettwanzen zu t\u00f6ten.<\/p>\n<p>&nbsp;<\/p>\n<p>Der Trockendampf t\u00f6tet die Bettwanzen, indem er in ihre Haut und ihr Atmungssystem eindringt und sie so sofort beseitigt. Ausserdem kann Trockendampf in die Ritzen und Spalten Ihrer Wohnung eindringen, in denen sich Bettwanzen gerne verstecken, und so die Sch\u00e4dlinge und ihre Eier an der Quelle t\u00f6ten.<\/p>\n<p>&nbsp;<\/p>\n<p>Es ist wichtig zu beachten, dass die Desinfektion gegen Bettwanzen mit Trockendampf ein akribischer Prozess ist, bei dem auf jedes Detail geachtet werden muss. Um wirksam zu sein, muss der Trockendampf mit einer Temperatur angewendet werden, die hoch genug ist, um die Bettwanzen zu t\u00f6ten, aber nicht so hoch, dass die Oberfl\u00e4chen in Ihrer Wohnung besch\u00e4digt werden.<\/p>\n<p>&nbsp;<\/p>\n<p>Dar\u00fcber hinaus ist die Desinfektion einer Wohnung mit Trockendampf eine wirksame Methode zur Beseitigung von Keimen, Bakterien und Viren, die sich in Ihrem Lebensraum ausbreiten k\u00f6nnen. Diese Methode wird verwendet, um Mikroben zu t\u00f6ten und Allergene zu beseitigen, ohne gesundheitssch\u00e4dliche Chemikalien verwenden zu m\u00fcssen.<\/p>\n<p>&nbsp;<\/p>\n<p>Zur Desinfektion Ihrer Wohnung verwenden wir einen Dampfreiniger, der speziell f\u00fcr diesen Zweck entwickelt wurde. Dabei handelt es sich um ein Ger\u00e4t, das Dampf mit hoher Temperatur und hohem Druck erzeugt, wodurch alle Oberfl\u00e4chen in Ihrer Wohnung schnell und effektiv desinfiziert werden k\u00f6nnen.<\/p>\n<p>&nbsp;<\/p>\n<p>Alles in allem ist die Desinfektion gegen Bettwanzen mit Trockendampf eine effektive und umweltfreundliche L\u00f6sung zur Beseitigung der Sch\u00e4dlinge aus Ihrer Wohnung.<\/p>\n<p>&nbsp;<\/p>\n<p>Wenn Sie Zweifel oder Fragen zur Desinfektion Ihrer Wohnung gegen Bettwanzen haben, wenden Sie sich bitte an unser professionelles Team, um Hilfe zu erhalten.<\/p>\n<p>&nbsp;<\/p>\n<p style=\"text-align: center;\"><strong>KEINE CHEMIE!<\/strong><\/p>\n<p style=\"text-align: center;\">In den Kantonen Genf, Waadt, Neuenburg, Wallis, Jura, Bern, Freiburg<\/p>\n<p>[\/vc_column_text][vc_separator type=&#8220;transparent&#8220; up=&#8220;89&#8243; down=&#8220;0&#8243;][vc_gallery type=&#8220;image_grid&#8220; images=&#8220;447,442,439&#8243; img_size=&#8220;full&#8220; column_number=&#8220;3&#8243; grayscale=&#8220;no&#8220; images_space=&#8220;gallery_without_space&#8220;][vc_separator type=&#8220;transparent&#8220; up=&#8220;89&#8243; down=&#8220;0&#8243;]\n\n\t<a href=\"https:\/\/www.locbus-dem.ch\/\" target=\"_blank\" style=\"color: #000000;background-color: #e6cd35\" class=\"qode-btn qode-btn-medium qode-btn-solid qode-btn-custom-hover-bg qode-btn-custom-hover-color bouton_centre qode-btn-default-hover\" data-hover-bg-color=\"#ffffff\" data-hover-color=\"#000000\" >\n\t    <span class=\"qode-btn-text\">SIE M\u00d6CHTEN UMZIEHEN? ENTDECKEN SIE UNSEREN MIETSERVICE F\u00dcR KLEINTRANSPORTER<\/span>\t<\/a>\n\n[vc_separator type=&#8220;transparent&#8220; up=&#8220;89&#8243; down=&#8220;0&#8243;][\/vc_column][\/vc_row]<\/p>\n<\/div>","protected":false},"excerpt":{"rendered":"<p>[vc_row css_animation=&#8220;&#8220; row_type=&#8220;row&#8220; use_row_as_full_screen_section=&#8220;no&#8220; type=&#8220;grid&#8220; angled_section=&#8220;no&#8220; text_align=&#8220;left&#8220; background_image_as_pattern=&#8220;without_pattern&#8220; anchor=&#8220;portfolio&#8220; background_color=&#8220;#f2efea&#8220; padding_top=&#8220;90&#8243; padding_bottom=&#8220;0&#8243;][vc_column][vc_column_text el_class=&#8220;Titre-home&#8220;] Desinfektion Wohnung mit Trockendampf Genf, Waadt, Wallis, Schweiz [\/vc_column_text][vc_separator type=&#8220;transparent&#8220; up=&#8220;15&#8243; down=&#8220;0&#8243;][vc_column_text] Desinfektion und Behandlung mit Trockendampf; W\u00e4nde, Decken, B\u00f6den, Teppiche, Parkettb\u00f6den, Fliesen, Balken, Keller, Abstellraum, Dachboden, Garage. &nbsp; Die Desinfektion einer&#8230;<\/p>\n","protected":false},"author":4,"featured_media":0,"parent":0,"menu_order":0,"comment_status":"closed","ping_status":"closed","template":"full_width.php","meta":{"footnotes":""},"class_list":["post-1165","page","type-page","status-publish","hentry"],"_links":{"self":[{"href":"https:\/\/www.cryobugs.ch\/de\/wp-json\/wp\/v2\/pages\/1165","targetHints":{"allow":["GET"]}}],"collection":[{"href":"https:\/\/www.cryobugs.ch\/de\/wp-json\/wp\/v2\/pages"}],"about":[{"href":"https:\/\/www.cryobugs.ch\/de\/wp-json\/wp\/v2\/types\/page"}],"author":[{"embeddable":true,"href":"https:\/\/www.cryobugs.ch\/de\/wp-json\/wp\/v2\/users\/4"}],"replies":[{"embeddable":true,"href":"https:\/\/www.cryobugs.ch\/de\/wp-json\/wp\/v2\/comments?post=1165"}],"version-history":[{"count":4,"href":"https:\/\/www.cryobugs.ch\/de\/wp-json\/wp\/v2\/pages\/1165\/revisions"}],"predecessor-version":[{"id":1192,"href":"https:\/\/www.cryobugs.ch\/de\/wp-json\/wp\/v2\/pages\/1165\/revisions\/1192"}],"wp:attachment":[{"href":"https:\/\/www.cryobugs.ch\/de\/wp-json\/wp\/v2\/media?parent=1165"}],"curies":[{"name":"wp","href":"https:\/\/api.w.org\/{rel}","templated":true}]}}